{"id":251,"date":"2024-10-06T01:04:39","date_gmt":"2024-10-05T23:04:39","guid":{"rendered":"https:\/\/grupos.csic.edu.uy\/nimee\/?page_id=251"},"modified":"2024-10-06T01:27:54","modified_gmt":"2024-10-05T23:27:54","slug":"novedades","status":"publish","type":"page","link":"https:\/\/grupos.csic.edu.uy\/nimee\/novedades\/","title":{"rendered":"Novedades"},"content":{"rendered":"<ul style=\"margin-top:var(--wp--preset--spacing--medium);\" class=\"wp-block-latest-posts__list is-grid columns-3 has-dates has-link-color wp-elements-baac026998735f8c39dcd4aef836f660 wp-block-latest-posts has-background has-base-background-color has-small-font-size\"><li><a class=\"wp-block-latest-posts__post-title\" href=\"https:\/\/grupos.csic.edu.uy\/nimee\/2024\/08\/26\/ateneo-de-educacion-y-matematica\/\">Ateneo de Educaci\u00f3n y Matem\u00e1tica<\/a><time datetime=\"2024-08-26T00:40:38+02:00\" class=\"wp-block-latest-posts__post-date\">26 de agosto de 2024<\/time><div class=\"wp-block-latest-posts__post-excerpt\">Mario Luzardo particip\u00f3 en el primer Ateneo de Educaci\u00f3n y Matem\u00e1tica en conmemoraci\u00f3n de los 25 a\u00f1os de la creaci\u00f3n del CERP Suroeste en la ciudad de Colonia del Sacramento, que se desarroll\u00f3 en&#8230; <a class=\"wp-block-latest-posts__read-more\" href=\"https:\/\/grupos.csic.edu.uy\/nimee\/2024\/08\/26\/ateneo-de-educacion-y-matematica\/\" rel=\"noopener noreferrer\">Lee m\u00e1s<span class=\"screen-reader-text\">: Ateneo de Educaci\u00f3n y Matem\u00e1tica<\/span><\/a><\/div><\/li>\n<li><div class=\"wp-block-latest-posts__featured-image\"><a href=\"https:\/\/grupos.csic.edu.uy\/nimee\/2024\/08\/02\/defensa-tesis-de-maestria\/\" aria-label=\"Defensa Tesis de Maestr\u00eda\"><img loading=\"lazy\" decoding=\"async\" width=\"914\" height=\"614\" src=\"https:\/\/grupos.csic.edu.uy\/nimee\/wp-content\/uploads\/sites\/5\/2024\/10\/defensa.png\" class=\"attachment-large size-large wp-post-image\" alt=\"\" style=\"max-height:250px;\" srcset=\"https:\/\/grupos.csic.edu.uy\/nimee\/wp-content\/uploads\/sites\/5\/2024\/10\/defensa.png 914w, https:\/\/grupos.csic.edu.uy\/nimee\/wp-content\/uploads\/sites\/5\/2024\/10\/defensa-300x202.png 300w, https:\/\/grupos.csic.edu.uy\/nimee\/wp-content\/uploads\/sites\/5\/2024\/10\/defensa-768x516.png 768w\" sizes=\"auto, (max-width: 914px) 100vw, 914px\" \/><\/a><\/div><a class=\"wp-block-latest-posts__post-title\" href=\"https:\/\/grupos.csic.edu.uy\/nimee\/2024\/08\/02\/defensa-tesis-de-maestria\/\">Defensa Tesis de Maestr\u00eda<\/a><time datetime=\"2024-08-02T01:15:30+02:00\" class=\"wp-block-latest-posts__post-date\">2 de agosto de 2024<\/time><div class=\"wp-block-latest-posts__post-excerpt\">El Lic. Mauricio Castillo realiz\u00f3 la defensa de su tesis de maestr\u00eda titulada Formas, colores y espacio: El impacto de referentes concretos en el procesamiento de conceptos abstractos. La misma fue presentada el 2&#8230; <a class=\"wp-block-latest-posts__read-more\" href=\"https:\/\/grupos.csic.edu.uy\/nimee\/2024\/08\/02\/defensa-tesis-de-maestria\/\" rel=\"noopener noreferrer\">Lee m\u00e1s<span class=\"screen-reader-text\">: Defensa Tesis de Maestr\u00eda<\/span><\/a><\/div><\/li>\n<li><div class=\"wp-block-latest-posts__featured-image\"><a href=\"https:\/\/grupos.csic.edu.uy\/nimee\/2024\/07\/17\/seminario-2\/\" aria-label=\"Seminario\"><img loading=\"lazy\" decoding=\"async\" width=\"1024\" height=\"768\" src=\"https:\/\/grupos.csic.edu.uy\/nimee\/wp-content\/uploads\/sites\/5\/2024\/10\/IMPS-Laura-y-Cecilia-1024x768.jpg\" class=\"attachment-large size-large wp-post-image\" alt=\"\" style=\"max-height:250px;\" srcset=\"https:\/\/grupos.csic.edu.uy\/nimee\/wp-content\/uploads\/sites\/5\/2024\/10\/IMPS-Laura-y-Cecilia-1024x768.jpg 1024w, https:\/\/grupos.csic.edu.uy\/nimee\/wp-content\/uploads\/sites\/5\/2024\/10\/IMPS-Laura-y-Cecilia-300x225.jpg 300w, https:\/\/grupos.csic.edu.uy\/nimee\/wp-content\/uploads\/sites\/5\/2024\/10\/IMPS-Laura-y-Cecilia-768x576.jpg 768w, https:\/\/grupos.csic.edu.uy\/nimee\/wp-content\/uploads\/sites\/5\/2024\/10\/IMPS-Laura-y-Cecilia-1536x1152.jpg 1536w, https:\/\/grupos.csic.edu.uy\/nimee\/wp-content\/uploads\/sites\/5\/2024\/10\/IMPS-Laura-y-Cecilia.jpg 1600w\" sizes=\"auto, (max-width: 1024px) 100vw, 1024px\" \/><\/a><\/div><a class=\"wp-block-latest-posts__post-title\" href=\"https:\/\/grupos.csic.edu.uy\/nimee\/2024\/07\/17\/seminario-2\/\">Seminario<\/a><time datetime=\"2024-07-17T01:08:17+02:00\" class=\"wp-block-latest-posts__post-date\">17 de julio de 2024<\/time><div class=\"wp-block-latest-posts__post-excerpt\">Participaci\u00f3n en International Meeting of Psychometric Society realizado en Praga, Rep\u00fablica Checa, que re\u00fane a psicometristas de todo el mundo.&nbsp; Dos representantes del equipo NIMEE realizaron presentaciones en el marco de sus investigaciones en&#8230; <a class=\"wp-block-latest-posts__read-more\" href=\"https:\/\/grupos.csic.edu.uy\/nimee\/2024\/07\/17\/seminario-2\/\" rel=\"noopener noreferrer\">Lee m\u00e1s<span class=\"screen-reader-text\">: Seminario<\/span><\/a><\/div><\/li>\n<li><div class=\"wp-block-latest-posts__featured-image\"><a href=\"https:\/\/grupos.csic.edu.uy\/nimee\/2024\/07\/17\/seminario\/\" aria-label=\"Seminario\"><img loading=\"lazy\" decoding=\"async\" width=\"1024\" height=\"1024\" src=\"https:\/\/grupos.csic.edu.uy\/nimee\/wp-content\/uploads\/sites\/5\/2024\/10\/Afiche-Seminario-Abierto-DEM-7-24-1024x1024.png\" class=\"attachment-large size-large wp-post-image\" alt=\"\" style=\"max-height:250px;\" srcset=\"https:\/\/grupos.csic.edu.uy\/nimee\/wp-content\/uploads\/sites\/5\/2024\/10\/Afiche-Seminario-Abierto-DEM-7-24-1024x1024.png 1024w, https:\/\/grupos.csic.edu.uy\/nimee\/wp-content\/uploads\/sites\/5\/2024\/10\/Afiche-Seminario-Abierto-DEM-7-24-300x300.png 300w, https:\/\/grupos.csic.edu.uy\/nimee\/wp-content\/uploads\/sites\/5\/2024\/10\/Afiche-Seminario-Abierto-DEM-7-24-150x150.png 150w, https:\/\/grupos.csic.edu.uy\/nimee\/wp-content\/uploads\/sites\/5\/2024\/10\/Afiche-Seminario-Abierto-DEM-7-24-768x768.png 768w, https:\/\/grupos.csic.edu.uy\/nimee\/wp-content\/uploads\/sites\/5\/2024\/10\/Afiche-Seminario-Abierto-DEM-7-24.png 1200w\" sizes=\"auto, (max-width: 1024px) 100vw, 1024px\" \/><\/a><\/div><a class=\"wp-block-latest-posts__post-title\" href=\"https:\/\/grupos.csic.edu.uy\/nimee\/2024\/07\/17\/seminario\/\">Seminario<\/a><time datetime=\"2024-07-17T00:57:45+02:00\" class=\"wp-block-latest-posts__post-date\">17 de julio de 2024<\/time><div class=\"wp-block-latest-posts__post-excerpt\">Presentaci\u00f3n oral en Seminario \u201cDepartamento Abierto\u201d, Departamento de Educaci\u00f3n M\u00e9dica, Facultad de Medicina, Montevideo, Uruguay.&nbsp; Exponen: Prof. Adj. Dra. Pilar Rodr\u00edguez y Prof. Adj. Dr. Juan Soca Seminario desarrollado para el Departamento de Educaci\u00f3n&#8230; <a class=\"wp-block-latest-posts__read-more\" href=\"https:\/\/grupos.csic.edu.uy\/nimee\/2024\/07\/17\/seminario\/\" rel=\"noopener noreferrer\">Lee m\u00e1s<span class=\"screen-reader-text\">: Seminario<\/span><\/a><\/div><\/li>\n<\/ul>","protected":false},"excerpt":{"rendered":"","protected":false},"author":13,"featured_media":0,"parent":0,"menu_order":0,"comment_status":"closed","ping_status":"closed","template":"","meta":{"footnotes":""},"class_list":["post-251","page","type-page","status-publish","hentry"],"_links":{"self":[{"href":"https:\/\/grupos.csic.edu.uy\/nimee\/wp-json\/wp\/v2\/pages\/251","targetHints":{"allow":["GET"]}}],"collection":[{"href":"https:\/\/grupos.csic.edu.uy\/nimee\/wp-json\/wp\/v2\/pages"}],"about":[{"href":"https:\/\/grupos.csic.edu.uy\/nimee\/wp-json\/wp\/v2\/types\/page"}],"author":[{"embeddable":true,"href":"https:\/\/grupos.csic.edu.uy\/nimee\/wp-json\/wp\/v2\/users\/13"}],"replies":[{"embeddable":true,"href":"https:\/\/grupos.csic.edu.uy\/nimee\/wp-json\/wp\/v2\/comments?post=251"}],"version-history":[{"count":9,"href":"https:\/\/grupos.csic.edu.uy\/nimee\/wp-json\/wp\/v2\/pages\/251\/revisions"}],"predecessor-version":[{"id":284,"href":"https:\/\/grupos.csic.edu.uy\/nimee\/wp-json\/wp\/v2\/pages\/251\/revisions\/284"}],"wp:attachment":[{"href":"https:\/\/grupos.csic.edu.uy\/nimee\/wp-json\/wp\/v2\/media?parent=251"}],"curies":[{"name":"wp","href":"https:\/\/api.w.org\/{rel}","templated":true}]}}