{"id":465,"date":"2024-04-02T18:07:59","date_gmt":"2024-04-02T16:07:59","guid":{"rendered":"https:\/\/grupos.csic.edu.uy\/espacioantarticoudelar\/?page_id=465"},"modified":"2024-04-02T18:07:59","modified_gmt":"2024-04-02T16:07:59","slug":"operaciones-aereas-propias","status":"publish","type":"page","link":"https:\/\/grupos.csic.edu.uy\/espacioantarticoudelar\/operaciones-aereas-propias\/","title":{"rendered":"Operaciones a\u00e9reas propias"},"content":{"rendered":"\n<p>Uruguay es uno de los pocos pa\u00edses que tiene la capacidad de realizar varias operaciones a\u00e9reas desde el Sur de Sudam\u00e9rica a Isla Rey Jorge (o la Base Argentina de Marambio) durante el verano (e incluso a lo largo de todo el a\u00f1o). Esto le brinda a Uruguay grandes facilidades y flexibilidad para el acceso a este sector de la Ant\u00e1rtida cuando se compara con las dificultades que deben sortear la mayor parte de los pa\u00edses Miembro del Tratado. Es por lo tanto una oportunidad invaluable de apoyo a las actividades que desarrollan otros pa\u00edses en la zona. Es quiz\u00e1s la herramienta de cooperaci\u00f3n m\u00e1s valiosa que tiene Uruguay en el ATA, y una de las principales ventajas operativas que presenta, lo que le ha permitido hist\u00f3ricamente dar apoyo a las actividades de pa\u00edses como China, Alemania, Espa\u00f1a, Bulgaria, Rusia, Corea y Per\u00fa.<\/p>\n","protected":false},"excerpt":{"rendered":"<p>Uruguay es uno de los pocos pa\u00edses que tiene la capacidad de realizar varias operaciones a\u00e9reas desde el Sur de Sudam\u00e9rica a Isla Rey Jorge (o la Base Argentina de Marambio) durante el verano (e incluso a lo largo de todo el a\u00f1o). Esto le brinda a Uruguay grandes facilidades y flexibilidad para el acceso&hellip;&nbsp;<a href=\"https:\/\/grupos.csic.edu.uy\/espacioantarticoudelar\/operaciones-aereas-propias\/\" rel=\"bookmark\">Leer m\u00e1s &raquo;<span class=\"screen-reader-text\">Operaciones a\u00e9reas propias<\/span><\/a><\/p>\n","protected":false},"author":7,"featured_media":213,"parent":0,"menu_order":0,"comment_status":"closed","ping_status":"closed","template":"","meta":{"neve_meta_sidebar":"","neve_meta_container":"","neve_meta_enable_content_width":"","neve_meta_content_width":0,"neve_meta_title_alignment":"","neve_meta_author_avatar":"","neve_post_elements_order":"","neve_meta_disable_header":"","neve_meta_disable_footer":"","neve_meta_disable_title":"","footnotes":""},"class_list":["post-465","page","type-page","status-publish","has-post-thumbnail","hentry"],"_links":{"self":[{"href":"https:\/\/grupos.csic.edu.uy\/espacioantarticoudelar\/wp-json\/wp\/v2\/pages\/465","targetHints":{"allow":["GET"]}}],"collection":[{"href":"https:\/\/grupos.csic.edu.uy\/espacioantarticoudelar\/wp-json\/wp\/v2\/pages"}],"about":[{"href":"https:\/\/grupos.csic.edu.uy\/espacioantarticoudelar\/wp-json\/wp\/v2\/types\/page"}],"author":[{"embeddable":true,"href":"https:\/\/grupos.csic.edu.uy\/espacioantarticoudelar\/wp-json\/wp\/v2\/users\/7"}],"replies":[{"embeddable":true,"href":"https:\/\/grupos.csic.edu.uy\/espacioantarticoudelar\/wp-json\/wp\/v2\/comments?post=465"}],"version-history":[{"count":1,"href":"https:\/\/grupos.csic.edu.uy\/espacioantarticoudelar\/wp-json\/wp\/v2\/pages\/465\/revisions"}],"predecessor-version":[{"id":466,"href":"https:\/\/grupos.csic.edu.uy\/espacioantarticoudelar\/wp-json\/wp\/v2\/pages\/465\/revisions\/466"}],"wp:featuredmedia":[{"embeddable":true,"href":"https:\/\/grupos.csic.edu.uy\/espacioantarticoudelar\/wp-json\/wp\/v2\/media\/213"}],"wp:attachment":[{"href":"https:\/\/grupos.csic.edu.uy\/espacioantarticoudelar\/wp-json\/wp\/v2\/media?parent=465"}],"curies":[{"name":"wp","href":"https:\/\/api.w.org\/{rel}","templated":true}]}}