{"id":456,"date":"2024-04-02T18:02:08","date_gmt":"2024-04-02T16:02:08","guid":{"rendered":"https:\/\/grupos.csic.edu.uy\/espacioantarticoudelar\/?page_id=456"},"modified":"2024-04-02T18:02:09","modified_gmt":"2024-04-02T16:02:09","slug":"uruguay-miembro-del-ta","status":"publish","type":"page","link":"https:\/\/grupos.csic.edu.uy\/espacioantarticoudelar\/uruguay-miembro-del-ta\/","title":{"rendered":"Uruguay miembro del TA"},"content":{"rendered":"\n<h2 class=\"wp-block-heading\"><strong>Uruguay como miembro consultivo del TA <\/strong><\/h2>\n\n\n\n<p>A la hora de evaluar y planificar la contribuci\u00f3n de la actividad cient\u00edfica de Uruguay para dar cumplimiento a los compromisos asumidos por el pa\u00eds en el marco del STA, resulta clave tener en consideraci\u00f3n las condiciones que establece la Decisi\u00f3n 2 (2017) de la XL Reuni\u00f3n Consultiva del Tratado Ant\u00e1rtico (RCTA) para acceder al estatus de Miembro Consultivo del Tratado Ant\u00e1rtico. Entre las directrices que brinda dicha Decisi\u00f3n se establece que <em>\u201cla Parte Contratante que solicita el car\u00e1cter consultivo deber\u00e1 incluir una descripci\u00f3n de todos los programas cient\u00edficos y actividades que haya realizado sobre la Ant\u00e1rtida o en ella durante los \u00faltimos diez a\u00f1os. Esto puede incluir:<\/em><\/p>\n\n\n\n<ul class=\"wp-block-list\">\n<li><em>una lista de publicaciones relacionadas con la Ant\u00e1rtida, que incluya tanto art\u00edculos en revistas cient\u00edficas revisadas por expertos como documentos presentados a organismos internacionales;<\/em><ul><li><em>una lista de publicaciones con autor\u00eda conjunta de diversos pa\u00edses;<\/em><\/li><\/ul><ul><li><strong>&nbsp;<\/strong><em>detalles de las citas de documentos pertinentes en \u00edndices de citas cient\u00edficas <\/em><strong><em>cient\u00ed<\/em><\/strong><em>ficas con un buen factor de impacto;<\/em><\/li><\/ul><ul><li><em>detalles de los datos aportados por la Parte Contratante que solicita el car\u00e1cter consultivo, con \u00e9nfasis en los datos citados en publicaciones con un buen factor de impacto en \u00edndices de citas cient\u00edficas y en los datos que se aporten para programas y bases de datos cient\u00edficos;<\/em><\/li><\/ul><ul><li><strong>&nbsp;<\/strong><em>creaci\u00f3n de conjuntos de datos abiertos y accesibles para la comunidad cient\u00edfica;<\/em><\/li><\/ul>\n<ul class=\"wp-block-list\">\n<li><em>y\/o ejemplos de premios a la investigaci\u00f3n o reconocimientos formales de logros.<\/em><\/li>\n<\/ul>\n<\/li>\n<\/ul>\n","protected":false},"excerpt":{"rendered":"<p>Uruguay como miembro consultivo del TA A la hora de evaluar y planificar la contribuci\u00f3n de la actividad cient\u00edfica de Uruguay para dar cumplimiento a los compromisos asumidos por el pa\u00eds en el marco del STA, resulta clave tener en consideraci\u00f3n las condiciones que establece la Decisi\u00f3n 2 (2017) de la XL Reuni\u00f3n Consultiva del&hellip;&nbsp;<a href=\"https:\/\/grupos.csic.edu.uy\/espacioantarticoudelar\/uruguay-miembro-del-ta\/\" rel=\"bookmark\">Leer m\u00e1s &raquo;<span class=\"screen-reader-text\">Uruguay miembro del TA<\/span><\/a><\/p>\n","protected":false},"author":7,"featured_media":10,"parent":0,"menu_order":0,"comment_status":"closed","ping_status":"closed","template":"","meta":{"neve_meta_sidebar":"","neve_meta_container":"","neve_meta_enable_content_width":"","neve_meta_content_width":0,"neve_meta_title_alignment":"","neve_meta_author_avatar":"","neve_post_elements_order":"","neve_meta_disable_header":"","neve_meta_disable_footer":"","neve_meta_disable_title":"","footnotes":""},"class_list":["post-456","page","type-page","status-publish","has-post-thumbnail","hentry"],"_links":{"self":[{"href":"https:\/\/grupos.csic.edu.uy\/espacioantarticoudelar\/wp-json\/wp\/v2\/pages\/456","targetHints":{"allow":["GET"]}}],"collection":[{"href":"https:\/\/grupos.csic.edu.uy\/espacioantarticoudelar\/wp-json\/wp\/v2\/pages"}],"about":[{"href":"https:\/\/grupos.csic.edu.uy\/espacioantarticoudelar\/wp-json\/wp\/v2\/types\/page"}],"author":[{"embeddable":true,"href":"https:\/\/grupos.csic.edu.uy\/espacioantarticoudelar\/wp-json\/wp\/v2\/users\/7"}],"replies":[{"embeddable":true,"href":"https:\/\/grupos.csic.edu.uy\/espacioantarticoudelar\/wp-json\/wp\/v2\/comments?post=456"}],"version-history":[{"count":1,"href":"https:\/\/grupos.csic.edu.uy\/espacioantarticoudelar\/wp-json\/wp\/v2\/pages\/456\/revisions"}],"predecessor-version":[{"id":457,"href":"https:\/\/grupos.csic.edu.uy\/espacioantarticoudelar\/wp-json\/wp\/v2\/pages\/456\/revisions\/457"}],"wp:featuredmedia":[{"embeddable":true,"href":"https:\/\/grupos.csic.edu.uy\/espacioantarticoudelar\/wp-json\/wp\/v2\/media\/10"}],"wp:attachment":[{"href":"https:\/\/grupos.csic.edu.uy\/espacioantarticoudelar\/wp-json\/wp\/v2\/media?parent=456"}],"curies":[{"name":"wp","href":"https:\/\/api.w.org\/{rel}","templated":true}]}}