{"id":436,"date":"2024-04-02T02:26:56","date_gmt":"2024-04-02T00:26:56","guid":{"rendered":"https:\/\/grupos.csic.edu.uy\/espacioantarticoudelar\/?page_id=436"},"modified":"2024-04-02T02:27:10","modified_gmt":"2024-04-02T00:27:10","slug":"cicu","status":"publish","type":"page","link":"https:\/\/grupos.csic.edu.uy\/espacioantarticoudelar\/cicu\/","title":{"rendered":"CICU"},"content":{"rendered":"\n<p>La <strong>Comisi\u00f3n Interministerial sobre Recursos Vivos Marinos Ant\u00e1rticos (CICU) <\/strong>est\u00e1 \u201cIntegrada por representantes de los Ministerios de Relaciones Exteriores; Defensa Nacional; y Ganader\u00eda Agricultura y Pesca (Decreto 157\/997). Centraliza los asuntos de pol\u00edtica exterior, pol\u00edtica ant\u00e1rtica y pol\u00edtica pesquera con relaci\u00f3n al \u00e1mbito de la CCRVMA. Participa en la administraci\u00f3n de los mares circundantes de la Ant\u00e1rtida a trav\u00e9s de su Comisi\u00f3n, que adopta un conjunto de medidas de conservaci\u00f3n que regulan la utilizaci\u00f3n de los recursos vivos marinos en la Ant\u00e1rtida\u201d.<\/p>\n","protected":false},"excerpt":{"rendered":"<p>La Comisi\u00f3n Interministerial sobre Recursos Vivos Marinos Ant\u00e1rticos (CICU) est\u00e1 \u201cIntegrada por representantes de los Ministerios de Relaciones Exteriores; Defensa Nacional; y Ganader\u00eda Agricultura y Pesca (Decreto 157\/997). Centraliza los asuntos de pol\u00edtica exterior, pol\u00edtica ant\u00e1rtica y pol\u00edtica pesquera con relaci\u00f3n al \u00e1mbito de la CCRVMA. Participa en la administraci\u00f3n de los mares circundantes de&hellip;&nbsp;<a href=\"https:\/\/grupos.csic.edu.uy\/espacioantarticoudelar\/cicu\/\" rel=\"bookmark\">Leer m\u00e1s &raquo;<span class=\"screen-reader-text\">CICU<\/span><\/a><\/p>\n","protected":false},"author":7,"featured_media":10,"parent":0,"menu_order":0,"comment_status":"closed","ping_status":"closed","template":"","meta":{"neve_meta_sidebar":"","neve_meta_container":"","neve_meta_enable_content_width":"","neve_meta_content_width":0,"neve_meta_title_alignment":"","neve_meta_author_avatar":"","neve_post_elements_order":"","neve_meta_disable_header":"","neve_meta_disable_footer":"","neve_meta_disable_title":"","footnotes":""},"class_list":["post-436","page","type-page","status-publish","has-post-thumbnail","hentry"],"_links":{"self":[{"href":"https:\/\/grupos.csic.edu.uy\/espacioantarticoudelar\/wp-json\/wp\/v2\/pages\/436","targetHints":{"allow":["GET"]}}],"collection":[{"href":"https:\/\/grupos.csic.edu.uy\/espacioantarticoudelar\/wp-json\/wp\/v2\/pages"}],"about":[{"href":"https:\/\/grupos.csic.edu.uy\/espacioantarticoudelar\/wp-json\/wp\/v2\/types\/page"}],"author":[{"embeddable":true,"href":"https:\/\/grupos.csic.edu.uy\/espacioantarticoudelar\/wp-json\/wp\/v2\/users\/7"}],"replies":[{"embeddable":true,"href":"https:\/\/grupos.csic.edu.uy\/espacioantarticoudelar\/wp-json\/wp\/v2\/comments?post=436"}],"version-history":[{"count":1,"href":"https:\/\/grupos.csic.edu.uy\/espacioantarticoudelar\/wp-json\/wp\/v2\/pages\/436\/revisions"}],"predecessor-version":[{"id":437,"href":"https:\/\/grupos.csic.edu.uy\/espacioantarticoudelar\/wp-json\/wp\/v2\/pages\/436\/revisions\/437"}],"wp:featuredmedia":[{"embeddable":true,"href":"https:\/\/grupos.csic.edu.uy\/espacioantarticoudelar\/wp-json\/wp\/v2\/media\/10"}],"wp:attachment":[{"href":"https:\/\/grupos.csic.edu.uy\/espacioantarticoudelar\/wp-json\/wp\/v2\/media?parent=436"}],"curies":[{"name":"wp","href":"https:\/\/api.w.org\/{rel}","templated":true}]}}