{"id":366,"date":"2024-03-13T14:45:57","date_gmt":"2024-03-13T13:45:57","guid":{"rendered":"https:\/\/grupos.csic.edu.uy\/espacioantarticoudelar\/?page_id=366"},"modified":"2024-04-02T18:00:33","modified_gmt":"2024-04-02T16:00:33","slug":"comite-nacional-scar","status":"publish","type":"page","link":"https:\/\/grupos.csic.edu.uy\/espacioantarticoudelar\/comite-nacional-scar\/","title":{"rendered":"Comit\u00e9 Nacional SCAR"},"content":{"rendered":"\n<p>\u201cIntegrado por investigadores del pa\u00eds con una destacada trayectoria en investigaci\u00f3n ant\u00e1rtica, act\u00faa como referente cient\u00edfico para el IAU y el PNA en general, y como principal v\u00ednculo entre la comunidad cient\u00edfica nacional y la comunidad cient\u00edfica internacional.\u201d<\/p>\n","protected":false},"excerpt":{"rendered":"<p>\u201cIntegrado por investigadores del pa\u00eds con una destacada trayectoria en investigaci\u00f3n ant\u00e1rtica, act\u00faa como referente cient\u00edfico para el IAU y el PNA en general, y como principal v\u00ednculo entre la comunidad cient\u00edfica nacional y la comunidad cient\u00edfica internacional.\u201d<\/p>\n","protected":false},"author":7,"featured_media":121,"parent":0,"menu_order":0,"comment_status":"closed","ping_status":"closed","template":"","meta":{"neve_meta_sidebar":"","neve_meta_container":"","neve_meta_enable_content_width":"","neve_meta_content_width":0,"neve_meta_title_alignment":"","neve_meta_author_avatar":"","neve_post_elements_order":"","neve_meta_disable_header":"","neve_meta_disable_footer":"","neve_meta_disable_title":"","footnotes":""},"class_list":["post-366","page","type-page","status-publish","has-post-thumbnail","hentry"],"_links":{"self":[{"href":"https:\/\/grupos.csic.edu.uy\/espacioantarticoudelar\/wp-json\/wp\/v2\/pages\/366","targetHints":{"allow":["GET"]}}],"collection":[{"href":"https:\/\/grupos.csic.edu.uy\/espacioantarticoudelar\/wp-json\/wp\/v2\/pages"}],"about":[{"href":"https:\/\/grupos.csic.edu.uy\/espacioantarticoudelar\/wp-json\/wp\/v2\/types\/page"}],"author":[{"embeddable":true,"href":"https:\/\/grupos.csic.edu.uy\/espacioantarticoudelar\/wp-json\/wp\/v2\/users\/7"}],"replies":[{"embeddable":true,"href":"https:\/\/grupos.csic.edu.uy\/espacioantarticoudelar\/wp-json\/wp\/v2\/comments?post=366"}],"version-history":[{"count":2,"href":"https:\/\/grupos.csic.edu.uy\/espacioantarticoudelar\/wp-json\/wp\/v2\/pages\/366\/revisions"}],"predecessor-version":[{"id":455,"href":"https:\/\/grupos.csic.edu.uy\/espacioantarticoudelar\/wp-json\/wp\/v2\/pages\/366\/revisions\/455"}],"wp:featuredmedia":[{"embeddable":true,"href":"https:\/\/grupos.csic.edu.uy\/espacioantarticoudelar\/wp-json\/wp\/v2\/media\/121"}],"wp:attachment":[{"href":"https:\/\/grupos.csic.edu.uy\/espacioantarticoudelar\/wp-json\/wp\/v2\/media?parent=366"}],"curies":[{"name":"wp","href":"https:\/\/api.w.org\/{rel}","templated":true}]}}