{"id":358,"date":"2024-03-13T14:42:55","date_gmt":"2024-03-13T13:42:55","guid":{"rendered":"https:\/\/grupos.csic.edu.uy\/espacioantarticoudelar\/?page_id=358"},"modified":"2024-04-02T02:10:19","modified_gmt":"2024-04-02T00:10:19","slug":"programa-nacional-antartico","status":"publish","type":"page","link":"https:\/\/grupos.csic.edu.uy\/espacioantarticoudelar\/programa-nacional-antartico\/","title":{"rendered":"Programa Nacional Ant\u00e1rtico"},"content":{"rendered":"\n<p>\u00abEl Programa Nacional Ant\u00e1rtico (PNA) es el conjunto de organizaciones p\u00fablicas y privadas que desarrollan actividades diplom\u00e1ticas, cient\u00edficas y log\u00edsticas que posibilitan la permanencia de Uruguay como Miembro Consultivo del Tratado Ant\u00e1rtico\u00bb. (Decreto 60\/018)<\/p>\n","protected":false},"excerpt":{"rendered":"<p>\u00abEl Programa Nacional Ant\u00e1rtico (PNA) es el conjunto de organizaciones p\u00fablicas y privadas que desarrollan actividades diplom\u00e1ticas, cient\u00edficas y log\u00edsticas que posibilitan la permanencia de Uruguay como Miembro Consultivo del Tratado Ant\u00e1rtico\u00bb. (Decreto 60\/018)<\/p>\n","protected":false},"author":7,"featured_media":10,"parent":0,"menu_order":0,"comment_status":"closed","ping_status":"closed","template":"","meta":{"neve_meta_sidebar":"","neve_meta_container":"","neve_meta_enable_content_width":"","neve_meta_content_width":0,"neve_meta_title_alignment":"","neve_meta_author_avatar":"","neve_post_elements_order":"","neve_meta_disable_header":"","neve_meta_disable_footer":"","neve_meta_disable_title":"","footnotes":""},"class_list":["post-358","page","type-page","status-publish","has-post-thumbnail","hentry"],"_links":{"self":[{"href":"https:\/\/grupos.csic.edu.uy\/espacioantarticoudelar\/wp-json\/wp\/v2\/pages\/358","targetHints":{"allow":["GET"]}}],"collection":[{"href":"https:\/\/grupos.csic.edu.uy\/espacioantarticoudelar\/wp-json\/wp\/v2\/pages"}],"about":[{"href":"https:\/\/grupos.csic.edu.uy\/espacioantarticoudelar\/wp-json\/wp\/v2\/types\/page"}],"author":[{"embeddable":true,"href":"https:\/\/grupos.csic.edu.uy\/espacioantarticoudelar\/wp-json\/wp\/v2\/users\/7"}],"replies":[{"embeddable":true,"href":"https:\/\/grupos.csic.edu.uy\/espacioantarticoudelar\/wp-json\/wp\/v2\/comments?post=358"}],"version-history":[{"count":3,"href":"https:\/\/grupos.csic.edu.uy\/espacioantarticoudelar\/wp-json\/wp\/v2\/pages\/358\/revisions"}],"predecessor-version":[{"id":428,"href":"https:\/\/grupos.csic.edu.uy\/espacioantarticoudelar\/wp-json\/wp\/v2\/pages\/358\/revisions\/428"}],"wp:featuredmedia":[{"embeddable":true,"href":"https:\/\/grupos.csic.edu.uy\/espacioantarticoudelar\/wp-json\/wp\/v2\/media\/10"}],"wp:attachment":[{"href":"https:\/\/grupos.csic.edu.uy\/espacioantarticoudelar\/wp-json\/wp\/v2\/media?parent=358"}],"curies":[{"name":"wp","href":"https:\/\/api.w.org\/{rel}","templated":true}]}}