{"id":344,"date":"2024-03-13T14:33:11","date_gmt":"2024-03-13T13:33:11","guid":{"rendered":"https:\/\/grupos.csic.edu.uy\/espacioantarticoudelar\/?page_id=344"},"modified":"2024-04-02T02:09:21","modified_gmt":"2024-04-02T00:09:21","slug":"uruguay-en-el-ata","status":"publish","type":"page","link":"https:\/\/grupos.csic.edu.uy\/espacioantarticoudelar\/uruguay-en-el-ata\/","title":{"rendered":"Uruguay en el ATA"},"content":{"rendered":"\n<p>1) La actividad cient\u00edfica es uno de los pilares que sostiene la presencia de Uruguay en el STA: es ciencia pol\u00edticamente relevante. 2) La participaci\u00f3n de Uruguay en el STA ofrece oportunidades excepcionales de cooperaci\u00f3n para el desarrollo de investigaci\u00f3n cient\u00edfica de calidad y la formaci\u00f3n de investigadores. Sobre la base de estas premisas, Uruguay ha identificado tres objetivos principales a los que deber\u00eda atender toda investigaci\u00f3n que desarrolle en la Ant\u00e1rtida: 1) Responder preguntas cient\u00edficas relevantes, alineadas con las prioridades internacionales acordadas en el marco del STA; 2) Brindar las bases para el posicionamiento del pa\u00eds en temas de pol\u00edtica internacional que requieren un sustento cient\u00edfico; 3) Mantener la autonom\u00eda del pa\u00eds para operar en el \u00e1rea del TA. Un elemento central para sostener y desarrollar la actividad cient\u00edfica de Uruguay en la Ant\u00e1rtida, es que esta est\u00e9 adecuadamente integrada dentro del sistema de ciencia y tecnolog\u00eda (CyT) del pa\u00eds, y articulada con los esfuerzos por promover el desarrollo de ciencia e innovaci\u00f3n que llevan adelante los distintos organismos vinculados a estos temas en Uruguay.<\/p>\n\n\n\n<p><\/p>\n","protected":false},"excerpt":{"rendered":"<p>1) La actividad cient\u00edfica es uno de los pilares que sostiene la presencia de Uruguay en el STA: es ciencia pol\u00edticamente relevante. 2) La participaci\u00f3n de Uruguay en el STA ofrece oportunidades excepcionales de cooperaci\u00f3n para el desarrollo de investigaci\u00f3n cient\u00edfica de calidad y la formaci\u00f3n de investigadores. Sobre la base de estas premisas, Uruguay&hellip;&nbsp;<a href=\"https:\/\/grupos.csic.edu.uy\/espacioantarticoudelar\/uruguay-en-el-ata\/\" rel=\"bookmark\">Leer m\u00e1s &raquo;<span class=\"screen-reader-text\">Uruguay en el ATA<\/span><\/a><\/p>\n","protected":false},"author":7,"featured_media":10,"parent":0,"menu_order":0,"comment_status":"closed","ping_status":"closed","template":"","meta":{"neve_meta_sidebar":"","neve_meta_container":"","neve_meta_enable_content_width":"","neve_meta_content_width":0,"neve_meta_title_alignment":"","neve_meta_author_avatar":"","neve_post_elements_order":"","neve_meta_disable_header":"","neve_meta_disable_footer":"","neve_meta_disable_title":"","footnotes":""},"class_list":["post-344","page","type-page","status-publish","has-post-thumbnail","hentry"],"_links":{"self":[{"href":"https:\/\/grupos.csic.edu.uy\/espacioantarticoudelar\/wp-json\/wp\/v2\/pages\/344","targetHints":{"allow":["GET"]}}],"collection":[{"href":"https:\/\/grupos.csic.edu.uy\/espacioantarticoudelar\/wp-json\/wp\/v2\/pages"}],"about":[{"href":"https:\/\/grupos.csic.edu.uy\/espacioantarticoudelar\/wp-json\/wp\/v2\/types\/page"}],"author":[{"embeddable":true,"href":"https:\/\/grupos.csic.edu.uy\/espacioantarticoudelar\/wp-json\/wp\/v2\/users\/7"}],"replies":[{"embeddable":true,"href":"https:\/\/grupos.csic.edu.uy\/espacioantarticoudelar\/wp-json\/wp\/v2\/comments?post=344"}],"version-history":[{"count":3,"href":"https:\/\/grupos.csic.edu.uy\/espacioantarticoudelar\/wp-json\/wp\/v2\/pages\/344\/revisions"}],"predecessor-version":[{"id":426,"href":"https:\/\/grupos.csic.edu.uy\/espacioantarticoudelar\/wp-json\/wp\/v2\/pages\/344\/revisions\/426"}],"wp:featuredmedia":[{"embeddable":true,"href":"https:\/\/grupos.csic.edu.uy\/espacioantarticoudelar\/wp-json\/wp\/v2\/media\/10"}],"wp:attachment":[{"href":"https:\/\/grupos.csic.edu.uy\/espacioantarticoudelar\/wp-json\/wp\/v2\/media?parent=344"}],"curies":[{"name":"wp","href":"https:\/\/api.w.org\/{rel}","templated":true}]}}