{"id":336,"date":"2024-03-13T14:21:08","date_gmt":"2024-03-13T13:21:08","guid":{"rendered":"https:\/\/grupos.csic.edu.uy\/espacioantarticoudelar\/?page_id=336"},"modified":"2024-04-02T02:03:06","modified_gmt":"2024-04-02T00:03:06","slug":"sistema-del-tratado-antartico","status":"publish","type":"page","link":"https:\/\/grupos.csic.edu.uy\/espacioantarticoudelar\/sistema-del-tratado-antartico\/","title":{"rendered":"Sistema del Tratado Ant\u00e1rtico"},"content":{"rendered":"\n<p><strong>La participaci\u00f3n de Uruguay en el Sistema del Tratado Ant\u00e1rtico es un componente de la pol\u00edtica exterior del pa\u00eds <\/strong>que se sostiene sobre la base de cinco pilares que los pa\u00edses miembros acordaron respetar: <\/p>\n\n\n\n<p><strong>1. Renuncia al uso de armas y a la realizaci\u00f3n de operaciones<\/strong> como \u201cel establecimiento de bases y fortificaciones militares, la realizaci\u00f3n de maniobras militares, as\u00ed como los ensayos de toda clase de armas\u201d dentro del \u00c1rea del Tratado Ant\u00e1rtico (ATA). <\/p>\n\n\n\n<p>2. <strong>Cooperaci\u00f3n <\/strong>para el desarrollo de investigaci\u00f3n cient\u00edfica relevante. <\/p>\n\n\n\n<p>3. <strong>Mantenimiento del status quo en relaci\u00f3n con las reclamaciones territoriales existentes<\/strong>: \u201cNing\u00fan acto o actividad que se lleve a cabo mientras el presente Tratado se halle en vigencia constituir\u00e1 fundamento para hacer valer, apoyar o negar una reclamaci\u00f3n de soberan\u00eda territorial en la Ant\u00e1rtida, ni para crear derechos de soberan\u00eda en esta regi\u00f3n\u201d. <\/p>\n\n\n\n<p>4. <strong>Protecci\u00f3n del medio ambiente <\/strong>(lo que implica entre otras cosas la prohibici\u00f3n de ensayos nucleares y de la eliminaci\u00f3n de desechos radioactivos, la explotaci\u00f3n de recursos minerales, y la regulaci\u00f3n de la actividad pesquera). <\/p>\n\n\n\n<p>5. <strong>Participaci\u00f3n activa en los foros de cogobierno <\/strong>de la Ant\u00e1rtida y el Oc\u00e9ano Austral.<\/p>\n\n\n\n<p>(\u00c1lvaro Soutullo. <em>Uruguay en la Ant\u00e1rtida: Oportunidades y desaf\u00edos como miembro consultivo del Tratado Ant\u00e1rtico<\/em>)<\/p>\n\n\n\n<p><\/p>\n\n\n\n<p><\/p>\n","protected":false},"excerpt":{"rendered":"<p>La participaci\u00f3n de Uruguay en el Sistema del Tratado Ant\u00e1rtico es un componente de la pol\u00edtica exterior del pa\u00eds que se sostiene sobre la base de cinco pilares que los pa\u00edses miembros acordaron respetar: 1. Renuncia al uso de armas y a la realizaci\u00f3n de operaciones como \u201cel establecimiento de bases y fortificaciones militares, la&hellip;&nbsp;<a href=\"https:\/\/grupos.csic.edu.uy\/espacioantarticoudelar\/sistema-del-tratado-antartico\/\" rel=\"bookmark\">Leer m\u00e1s &raquo;<span class=\"screen-reader-text\">Sistema del Tratado Ant\u00e1rtico<\/span><\/a><\/p>\n","protected":false},"author":7,"featured_media":121,"parent":0,"menu_order":0,"comment_status":"closed","ping_status":"closed","template":"","meta":{"neve_meta_sidebar":"","neve_meta_container":"","neve_meta_enable_content_width":"","neve_meta_content_width":0,"neve_meta_title_alignment":"","neve_meta_author_avatar":"","neve_post_elements_order":"","neve_meta_disable_header":"","neve_meta_disable_footer":"","neve_meta_disable_title":"","footnotes":""},"class_list":["post-336","page","type-page","status-publish","has-post-thumbnail","hentry"],"_links":{"self":[{"href":"https:\/\/grupos.csic.edu.uy\/espacioantarticoudelar\/wp-json\/wp\/v2\/pages\/336","targetHints":{"allow":["GET"]}}],"collection":[{"href":"https:\/\/grupos.csic.edu.uy\/espacioantarticoudelar\/wp-json\/wp\/v2\/pages"}],"about":[{"href":"https:\/\/grupos.csic.edu.uy\/espacioantarticoudelar\/wp-json\/wp\/v2\/types\/page"}],"author":[{"embeddable":true,"href":"https:\/\/grupos.csic.edu.uy\/espacioantarticoudelar\/wp-json\/wp\/v2\/users\/7"}],"replies":[{"embeddable":true,"href":"https:\/\/grupos.csic.edu.uy\/espacioantarticoudelar\/wp-json\/wp\/v2\/comments?post=336"}],"version-history":[{"count":4,"href":"https:\/\/grupos.csic.edu.uy\/espacioantarticoudelar\/wp-json\/wp\/v2\/pages\/336\/revisions"}],"predecessor-version":[{"id":424,"href":"https:\/\/grupos.csic.edu.uy\/espacioantarticoudelar\/wp-json\/wp\/v2\/pages\/336\/revisions\/424"}],"wp:featuredmedia":[{"embeddable":true,"href":"https:\/\/grupos.csic.edu.uy\/espacioantarticoudelar\/wp-json\/wp\/v2\/media\/121"}],"wp:attachment":[{"href":"https:\/\/grupos.csic.edu.uy\/espacioantarticoudelar\/wp-json\/wp\/v2\/media?parent=336"}],"curies":[{"name":"wp","href":"https:\/\/api.w.org\/{rel}","templated":true}]}}