{"id":317,"date":"2024-03-13T14:09:23","date_gmt":"2024-03-13T13:09:23","guid":{"rendered":"https:\/\/grupos.csic.edu.uy\/espacioantarticoudelar\/?page_id=317"},"modified":"2024-03-21T15:31:26","modified_gmt":"2024-03-21T14:31:26","slug":"udelar","status":"publish","type":"page","link":"https:\/\/grupos.csic.edu.uy\/espacioantarticoudelar\/udelar\/","title":{"rendered":"UDELAR"},"content":{"rendered":"\n<p>En esta secci\u00f3n se incluye informaci\u00f3n relativa a la investigaci\u00f3n en temas ant\u00e1rticos generada en el marco de la Universidad de la Rep\u00fablica.<\/p>\n","protected":false},"excerpt":{"rendered":"<p>En esta secci\u00f3n se incluye informaci\u00f3n relativa a la investigaci\u00f3n en temas ant\u00e1rticos generada en el marco de la Universidad de la Rep\u00fablica.<\/p>\n","protected":false},"author":7,"featured_media":81,"parent":0,"menu_order":0,"comment_status":"closed","ping_status":"closed","template":"","meta":{"neve_meta_sidebar":"","neve_meta_container":"","neve_meta_enable_content_width":"","neve_meta_content_width":0,"neve_meta_title_alignment":"","neve_meta_author_avatar":"","neve_post_elements_order":"","neve_meta_disable_header":"","neve_meta_disable_footer":"","neve_meta_disable_title":"","footnotes":""},"class_list":["post-317","page","type-page","status-publish","has-post-thumbnail","hentry"],"_links":{"self":[{"href":"https:\/\/grupos.csic.edu.uy\/espacioantarticoudelar\/wp-json\/wp\/v2\/pages\/317","targetHints":{"allow":["GET"]}}],"collection":[{"href":"https:\/\/grupos.csic.edu.uy\/espacioantarticoudelar\/wp-json\/wp\/v2\/pages"}],"about":[{"href":"https:\/\/grupos.csic.edu.uy\/espacioantarticoudelar\/wp-json\/wp\/v2\/types\/page"}],"author":[{"embeddable":true,"href":"https:\/\/grupos.csic.edu.uy\/espacioantarticoudelar\/wp-json\/wp\/v2\/users\/7"}],"replies":[{"embeddable":true,"href":"https:\/\/grupos.csic.edu.uy\/espacioantarticoudelar\/wp-json\/wp\/v2\/comments?post=317"}],"version-history":[{"count":2,"href":"https:\/\/grupos.csic.edu.uy\/espacioantarticoudelar\/wp-json\/wp\/v2\/pages\/317\/revisions"}],"predecessor-version":[{"id":392,"href":"https:\/\/grupos.csic.edu.uy\/espacioantarticoudelar\/wp-json\/wp\/v2\/pages\/317\/revisions\/392"}],"wp:featuredmedia":[{"embeddable":true,"href":"https:\/\/grupos.csic.edu.uy\/espacioantarticoudelar\/wp-json\/wp\/v2\/media\/81"}],"wp:attachment":[{"href":"https:\/\/grupos.csic.edu.uy\/espacioantarticoudelar\/wp-json\/wp\/v2\/media?parent=317"}],"curies":[{"name":"wp","href":"https:\/\/api.w.org\/{rel}","templated":true}]}}